{"id":117,"date":"2024-12-31T10:14:37","date_gmt":"2024-12-31T15:14:37","guid":{"rendered":"https:\/\/leafriverlodge.com\/?page_id=117"},"modified":"2025-05-23T18:31:15","modified_gmt":"2025-05-23T22:31:15","slug":"home-2","status":"publish","type":"page","link":"https:\/\/leafriverlodge.com\/en\/home-2\/","title":{"rendered":"Your host"},"content":{"rendered":"<div data-elementor-type=\"wp-page\" data-elementor-id=\"117\" class=\"elementor elementor-117\" data-elementor-post-type=\"page\">\n\t\t\t\t<div class=\"elementor-element elementor-element-17ec5b7 e-flex e-con-boxed e-con e-parent\" data-id=\"17ec5b7\" data-element_type=\"container\" data-e-type=\"container\" data-settings=\"{&quot;background_background&quot;:&quot;classic&quot;}\">\n\t\t\t\t\t<div class=\"e-con-inner\">\n\t\t\t\t<div class=\"elementor-element elementor-element-bf34336 elementor-widget elementor-widget-heading\" data-id=\"bf34336\" data-element_type=\"widget\" data-e-type=\"widget\" data-widget_type=\"heading.default\">\n\t\t\t\t\t<h2 class=\"elementor-heading-title elementor-size-default\">Your host<\/h2>\t\t\t\t<\/div>\n\t\t\t\t<div class=\"elementor-element elementor-element-a20ac21 elementor-widget elementor-widget-heading\" data-id=\"a20ac21\" data-element_type=\"widget\" data-e-type=\"widget\" data-widget_type=\"heading.default\">\n\t\t\t\t\t<h2 class=\"elementor-heading-title elementor-size-default\">De p\u00e8re en fils<\/h2>\t\t\t\t<\/div>\n\t\t\t\t\t<\/div>\n\t\t\t\t<\/div>\n\t\t<div class=\"elementor-element elementor-element-c860c1f e-flex e-con-boxed e-con e-parent\" data-id=\"c860c1f\" data-element_type=\"container\" data-e-type=\"container\">\n\t\t\t\t\t<div class=\"e-con-inner\">\n\t\t\t\t<div class=\"elementor-element elementor-element-633fe73 elementor-widget elementor-widget-text-editor\" data-id=\"633fe73\" data-element_type=\"widget\" data-e-type=\"widget\" data-widget_type=\"text-editor.default\">\n\t\t\t\t\t\t\t\t\t<p>Of Naskapi origin, Louis Shecanapish-Tardif, co-owner of the Rivi\u00e8re aux Feuilles outfitting operation, embodies the evolution of a historic site, guided by aboriginal values that respect the symbiosis between man and nature, and a deep commitment to its preservation. Involved since his youth alongside his father Alain, Louis has navigated the challenges and opportunities offered by Nunavik's unique wilderness environment. From caribou hunting guide to operations manager, then co-owner after 2017, he has gradually reoriented the outfitter towards environmentally-friendly activities such as sport fishing and wildlife photography. Today, with a forward-looking vision, he aims to make the outfitter a must-see center for nature lovers, combining adventure, discovery and sustainability.<\/p>\t\t\t\t\t\t\t\t<\/div>\n\t\t\t\t\t<\/div>\n\t\t\t\t<\/div>\n\t\t<div class=\"elementor-element elementor-element-42937f4 e-con-full e-flex e-con e-parent\" data-id=\"42937f4\" data-element_type=\"container\" data-e-type=\"container\" data-settings=\"{&quot;background_background&quot;:&quot;classic&quot;}\">\n\t\t<div class=\"elementor-element elementor-element-0edbfe0 e-con-full e-flex e-con e-child\" data-id=\"0edbfe0\" data-element_type=\"container\" data-e-type=\"container\">\n\t\t\t\t<div class=\"elementor-element elementor-element-f63b676 elementor-widget elementor-widget-heading\" data-id=\"f63b676\" data-element_type=\"widget\" data-e-type=\"widget\" data-widget_type=\"heading.default\">\n\t\t\t\t\t<h6 class=\"elementor-heading-title elementor-size-default\">Louis' path to outfitting<\/h6>\t\t\t\t<\/div>\n\t\t\t\t<div class=\"elementor-element elementor-element-fa72bf1 elementor-widget elementor-widget-text-editor\" data-id=\"fa72bf1\" data-element_type=\"widget\" data-e-type=\"widget\" data-settings=\"{&quot;_animation&quot;:&quot;none&quot;,&quot;_animation_delay&quot;:400}\" data-widget_type=\"text-editor.default\">\n\t\t\t\t\t\t\t\t\t<p>Louis Shecanapish-Tardif est n\u00e9 \u00e0 Schefferville \u00e0 la fin des ann\u00e9es 70. Fils d\u2019une m\u00e8re Naskapie, il a grandi en \u00e9tant immerg\u00e9 dans les valeurs autochtones, apprenant le respect de la nature et de l\u2019animal, ainsi que l\u2019importance de l\u2019intelligence humaine dans cette symbiose. Son p\u00e8re, Alain Tardif, guide et pourvoyeur de renom international, lui a transmis l\u2019amour de la chasse et de la p\u00eache, l\u2019initiant d\u00e8s son plus jeune \u00e2ge aux merveilles de la nature. D\u00e8s 4 ans, il l\u2019accompagnait tous les \u00e9t\u00e9s sur la rivi\u00e8re George, d\u00e9veloppant ainsi sa passion pour le Grand Nord. Ce sont ces racines profondes et ces traditions qui ont fa\u00e7onn\u00e9 son parcours. <span style=\"color: var( --e-global-color-text ); font-family: var( --e-global-typography-text-font-family ), Sans-serif; font-size: var( --e-global-typography-text-font-size ); font-style: var( --e-global-typography-text-font-style ); font-weight: var( --e-global-typography-text-font-weight ); letter-spacing: var( --e-global-typography-text-letter-spacing ); text-transform: var( --e-global-typography-text-text-transform ); text-align: var(--text-align); background-color: var( --e-global-color-secondary );\">For Louis, the Far North is much more than a passion, it's a way of life. Ever since he was a child, he has felt a visceral need to be in harmony with this wilderness, an endless space where animal life and grandiose landscapes make a spectacle of themselves. Nothing can match the beauty of a caribou herd, the splendor of the aurora borealis or the purity of silence. The North is his personal fulfillment ground.<\/span><\/p><p>It was at his father's side that he learned the rudiments of the guiding trade, observing, listening and imitating. At 16, he began guiding his first customers. A few years later, he moved to the majestic Rivi\u00e8re aux Feuilles, where he took over the family business. Taking up the torch, Louis in turn passes on the wonders of Quebec's Far North, the place his ancestors crossed on foot, following the caribou herd. The untouched river is home to majestic Atlantic salmon and speckled trout. There are even times when a black bear can be found on the other bank, watching the fishermen. Caribou sometimes cross the fishing grounds, offering an incomparable natural spectacle.<\/p>\t\t\t\t\t\t\t\t<\/div>\n\t\t\t\t<\/div>\n\t\t<div class=\"elementor-element elementor-element-49605e0 e-con-full e-flex e-con e-child\" data-id=\"49605e0\" data-element_type=\"container\" data-e-type=\"container\" data-settings=\"{&quot;background_background&quot;:&quot;classic&quot;}\">\n\t\t\t\t<\/div>\n\t\t\t\t<\/div>\n\t\t<div class=\"elementor-element elementor-element-7ebc248 e-con-full e-flex e-con e-parent\" data-id=\"7ebc248\" data-element_type=\"container\" data-e-type=\"container\" data-settings=\"{&quot;background_background&quot;:&quot;classic&quot;}\">\n\t\t<div class=\"elementor-element elementor-element-a6adec0 e-con-full e-flex e-con e-child\" data-id=\"a6adec0\" data-element_type=\"container\" data-e-type=\"container\">\n\t\t\t\t<div class=\"elementor-element elementor-element-7272c15 elementor-widget elementor-widget-heading\" data-id=\"7272c15\" data-element_type=\"widget\" data-e-type=\"widget\" data-widget_type=\"heading.default\">\n\t\t\t\t\t<h6 class=\"elementor-heading-title elementor-size-default\">Une vision ax\u00e9e sur la Nature, le respect et la d\u00e9couverte<\/h6>\t\t\t\t<\/div>\n\t\t\t\t<div class=\"elementor-element elementor-element-c041ce2 elementor-widget elementor-widget-text-editor\" data-id=\"c041ce2\" data-element_type=\"widget\" data-e-type=\"widget\" data-settings=\"{&quot;_animation&quot;:&quot;none&quot;,&quot;_animation_delay&quot;:400}\" data-widget_type=\"text-editor.default\">\n\t\t\t\t\t\t\t\t\t<p>Since 2014, Louis has taken over management of the outfitter's reservations and logistics. He ensures that guests' stays run smoothly and are comfortable, while maintaining a personal relationship with each of them. His role is essential to guaranteeing a smooth and pleasant experience.\u00a0<span style=\"color: var( --e-global-color-text ); font-family: var( --e-global-typography-text-font-family ), Sans-serif; font-size: var( --e-global-typography-text-font-size ); font-style: var( --e-global-typography-text-font-style ); font-weight: var( --e-global-typography-text-font-weight ); letter-spacing: var( --e-global-typography-text-letter-spacing ); text-transform: var( --e-global-typography-text-text-transform ); text-align: var(--text-align); background-color: var( --e-global-color-secondary );\">In 2017, a turning point came with the acquisition of the outfitter. The closure of the caribou hunt represents a challenge, but Louis seizes the opportunity to reinvent the offering. He steers the outfitter towards fishing and wildlife observation, while respecting the issues of species preservation and sustainability. This new direction aims to offer an authentic, immersive and environmentally-friendly experience. Today, with his team, Louis continues to adapt the outfitter into a leading destination center for nature photography, salmon fishing and wildlife observation enthusiasts. Priority is given to wildlife photography and interpretation, to raise visitors' awareness of environmental issues, while offering them privileged access to spectacular scenery.<\/span><\/p><p>The outfitter becomes a place where man and nature meet, offering a unique experience. Louis and his team continue to evolve, offering a variety of photo packages, ecological interpretation sessions, and new activities for those wishing to discover the riches of Nunavik. The outfitter's philosophy is based on respect for the ecosystem and conservation of species, enabling it to offer an eco-responsible service in harmony with the land. In the years to come, Louis aims to further diversify his packages, integrate expert-led photography workshops and develop new environmentally-friendly adventure options. The goal is to make the outfitter a true magnet for nature lovers, where every visitor will leave with unforgettable memories while contributing to the preservation of Nunavik's exceptional territory.\u00a0<span style=\"color: var( --e-global-color-text ); font-family: var( --e-global-typography-text-font-family ), Sans-serif; font-size: var( --e-global-typography-text-font-size ); font-style: var( --e-global-typography-text-font-style ); font-weight: var( --e-global-typography-text-font-weight ); letter-spacing: var( --e-global-typography-text-letter-spacing ); text-transform: var( --e-global-typography-text-text-transform ); text-align: var(--text-align); background-color: var( --e-global-color-secondary );\">The outfitter continues to evolve, combining tradition and innovation, while respecting and admiring the pure, untamed beauty of Nunavik.<\/span><\/p>\t\t\t\t\t\t\t\t<\/div>\n\t\t\t\t<\/div>\n\t\t<div class=\"elementor-element elementor-element-8fd0967 e-con-full e-flex e-con e-child\" data-id=\"8fd0967\" data-element_type=\"container\" data-e-type=\"container\" data-settings=\"{&quot;background_background&quot;:&quot;classic&quot;}\">\n\t\t\t\t<\/div>\n\t\t\t\t<\/div>\n\t\t<div class=\"elementor-element elementor-element-d99447d e-flex e-con-boxed e-con e-parent\" data-id=\"d99447d\" data-element_type=\"container\" data-e-type=\"container\">\n\t\t\t\t\t<div class=\"e-con-inner\">\n\t\t\t\t<div class=\"elementor-element elementor-element-c9f22f3 elementor-widget elementor-widget-image\" data-id=\"c9f22f3\" data-element_type=\"widget\" data-e-type=\"widget\" data-widget_type=\"image.default\">\n\t\t\t\t\t\t\t\t\t\t\t\t\t\t\t<img fetchpriority=\"high\" decoding=\"async\" data-attachment-id=\"1630\" data-permalink=\"https:\/\/leafriverlodge.com\/en\/home-2\/img_3097-2\/\" data-orig-file=\"https:\/\/i0.wp.com\/leafriverlodge.com\/wp-content\/uploads\/2025\/03\/IMG_3097-1.webp?fit=1920%2C1280&amp;ssl=1\" data-orig-size=\"1920,1280\" data-comments-opened=\"1\" data-image-meta=\"{&quot;aperture&quot;:&quot;0&quot;,&quot;credit&quot;:&quot;&quot;,&quot;camera&quot;:&quot;&quot;,&quot;caption&quot;:&quot;&quot;,&quot;created_timestamp&quot;:&quot;1727004488&quot;,&quot;copyright&quot;:&quot;&quot;,&quot;focal_length&quot;:&quot;0&quot;,&quot;iso&quot;:&quot;0&quot;,&quot;shutter_speed&quot;:&quot;0&quot;,&quot;title&quot;:&quot;&quot;,&quot;orientation&quot;:&quot;1&quot;}\" data-image-title=\"IMG_3097\" data-image-description=\"\" data-image-caption=\"\" data-large-file=\"https:\/\/i0.wp.com\/leafriverlodge.com\/wp-content\/uploads\/2025\/03\/IMG_3097-1.webp?fit=800%2C534&amp;ssl=1\" width=\"1920\" height=\"1280\" src=\"https:\/\/i0.wp.com\/leafriverlodge.com\/wp-content\/uploads\/2025\/03\/IMG_3097-1.webp?fit=1920%2C1280&amp;ssl=1\" class=\"attachment-full size-full wp-image-1630\" alt=\"\" srcset=\"https:\/\/i0.wp.com\/leafriverlodge.com\/wp-content\/uploads\/2025\/03\/IMG_3097-1.webp?w=1920&amp;ssl=1 1920w, https:\/\/i0.wp.com\/leafriverlodge.com\/wp-content\/uploads\/2025\/03\/IMG_3097-1.webp?resize=300%2C200&amp;ssl=1 300w, https:\/\/i0.wp.com\/leafriverlodge.com\/wp-content\/uploads\/2025\/03\/IMG_3097-1.webp?resize=1024%2C683&amp;ssl=1 1024w, https:\/\/i0.wp.com\/leafriverlodge.com\/wp-content\/uploads\/2025\/03\/IMG_3097-1.webp?resize=768%2C512&amp;ssl=1 768w, https:\/\/i0.wp.com\/leafriverlodge.com\/wp-content\/uploads\/2025\/03\/IMG_3097-1.webp?resize=1536%2C1024&amp;ssl=1 1536w, https:\/\/i0.wp.com\/leafriverlodge.com\/wp-content\/uploads\/2025\/03\/IMG_3097-1.webp?resize=2048%2C1366&amp;ssl=1 2048w, https:\/\/i0.wp.com\/leafriverlodge.com\/wp-content\/uploads\/2025\/03\/IMG_3097-1.webp?resize=18%2C12&amp;ssl=1 18w, https:\/\/i0.wp.com\/leafriverlodge.com\/wp-content\/uploads\/2025\/03\/IMG_3097-1.webp?w=1600&amp;ssl=1 1600w\" sizes=\"(max-width: 800px) 100vw, 800px\" \/>\t\t\t\t\t\t\t\t\t\t\t\t\t\t\t<\/div>\n\t\t\t\t\t<\/div>\n\t\t\t\t<\/div>\n\t\t\t\t<\/div>","protected":false},"excerpt":{"rendered":"<p>Votre h\u00f4te De p\u00e8re en fils D&rsquo;origine naskapie, Louis Shecanapish-Tardif, co-propri\u00e9taire de la pourvoirie de la rivi\u00e8re aux Feuilles, incarne l\u2019\u00e9volution d\u2019un lieu historique, guid\u00e9 par ses valeurs autochtones qui respectent la symbiose entre l&rsquo;homme et la nature et un engagement profond pour sa pr\u00e9servation. Impliqu\u00e9 depuis sa jeunesse aux c\u00f4t\u00e9s de son p\u00e8re Alain, [&hellip;]<\/p>\n","protected":false},"author":256229028,"featured_media":0,"parent":0,"menu_order":0,"comment_status":"closed","ping_status":"closed","template":"","meta":{"_crdt_document":"","footnotes":""},"class_list":["post-117","page","type-page","status-publish","hentry"],"jetpack_likes_enabled":true,"jetpack_sharing_enabled":true,"jetpack_shortlink":"https:\/\/wp.me\/PggdGf-1T","jetpack-related-posts":[],"_links":{"self":[{"href":"https:\/\/leafriverlodge.com\/en\/wp-json\/wp\/v2\/pages\/117","targetHints":{"allow":["GET"]}}],"collection":[{"href":"https:\/\/leafriverlodge.com\/en\/wp-json\/wp\/v2\/pages"}],"about":[{"href":"https:\/\/leafriverlodge.com\/en\/wp-json\/wp\/v2\/types\/page"}],"author":[{"embeddable":true,"href":"https:\/\/leafriverlodge.com\/en\/wp-json\/wp\/v2\/users\/256229028"}],"replies":[{"embeddable":true,"href":"https:\/\/leafriverlodge.com\/en\/wp-json\/wp\/v2\/comments?post=117"}],"version-history":[{"count":100,"href":"https:\/\/leafriverlodge.com\/en\/wp-json\/wp\/v2\/pages\/117\/revisions"}],"predecessor-version":[{"id":2064,"href":"https:\/\/leafriverlodge.com\/en\/wp-json\/wp\/v2\/pages\/117\/revisions\/2064"}],"wp:attachment":[{"href":"https:\/\/leafriverlodge.com\/en\/wp-json\/wp\/v2\/media?parent=117"}],"curies":[{"name":"wp","href":"https:\/\/api.w.org\/{rel}","templated":true}]}}