{"id":1994,"date":"2025-05-23T12:07:38","date_gmt":"2025-05-23T16:07:38","guid":{"rendered":"https:\/\/leafriverlodge.com\/?page_id=1994"},"modified":"2025-05-25T15:15:08","modified_gmt":"2025-05-25T19:15:08","slug":"notre-histoire-2","status":"publish","type":"page","link":"https:\/\/leafriverlodge.com\/en\/notre-histoire-2\/","title":{"rendered":"Media"},"content":{"rendered":"<div data-elementor-type=\"wp-page\" data-elementor-id=\"1994\" class=\"elementor elementor-1994\" data-elementor-post-type=\"page\">\n\t\t\t\t<div class=\"elementor-element elementor-element-1e9fe2d e-con-full e-flex e-con e-parent\" data-id=\"1e9fe2d\" data-element_type=\"container\" data-e-type=\"container\">\n\t\t<div class=\"elementor-element elementor-element-9a5f474 e-con-full e-flex e-con e-child\" data-id=\"9a5f474\" data-element_type=\"container\" data-e-type=\"container\" data-settings=\"{&quot;background_background&quot;:&quot;classic&quot;}\">\n\t\t\t\t<div class=\"elementor-element elementor-element-28c3a51 elementor-widget elementor-widget-heading\" data-id=\"28c3a51\" data-element_type=\"widget\" data-e-type=\"widget\" data-widget_type=\"heading.default\">\n\t\t\t\t\t<h2 class=\"elementor-heading-title elementor-size-default\">Media<\/h2>\t\t\t\t<\/div>\n\t\t\t\t<div class=\"elementor-element elementor-element-c18fa6e elementor-widget elementor-widget-heading\" data-id=\"c18fa6e\" data-element_type=\"widget\" data-e-type=\"widget\" data-widget_type=\"heading.default\">\n\t\t\t\t\t<h2 class=\"elementor-heading-title elementor-size-default\">Learn a little more about the lodge<\/h2>\t\t\t\t<\/div>\n\t\t\t\t<\/div>\n\t\t\t\t<\/div>\n\t\t<div class=\"elementor-element elementor-element-7fd3028 e-flex e-con-boxed e-con e-parent\" data-id=\"7fd3028\" data-element_type=\"container\" data-e-type=\"container\">\n\t\t\t\t\t<div class=\"e-con-inner\">\n\t\t\t\t<div class=\"elementor-element elementor-element-bec2721 elementor-widget elementor-widget-spacer\" data-id=\"bec2721\" data-element_type=\"widget\" data-e-type=\"widget\" data-widget_type=\"spacer.default\">\n\t\t\t\t\t\t\t<div class=\"elementor-spacer\">\n\t\t\t<div class=\"elementor-spacer-inner\"><\/div>\n\t\t<\/div>\n\t\t\t\t\t\t<\/div>\n\t\t\t\t\t<\/div>\n\t\t\t\t<\/div>\n\t\t<div class=\"elementor-element elementor-element-6172d6e e-con-full e-flex e-con e-parent\" data-id=\"6172d6e\" data-element_type=\"container\" data-e-type=\"container\">\n\t\t<div class=\"elementor-element elementor-element-48e9cb0 e-con-full e-flex e-con e-child\" data-id=\"48e9cb0\" data-element_type=\"container\" data-e-type=\"container\">\n\t\t\t\t<div class=\"elementor-element elementor-element-b3336ef elementor-widget__width-initial elementor-widget elementor-widget-heading\" data-id=\"b3336ef\" data-element_type=\"widget\" data-e-type=\"widget\" data-widget_type=\"heading.default\">\n\t\t\t\t\t<h6 class=\"elementor-heading-title elementor-size-default\">Wilderness Is Shrinking\u2014But in Northern Queb\u00e9c\u2019s Tundra, It\u2019s Still Wild<\/h6>\t\t\t\t<\/div>\n\t\t\t\t<div class=\"elementor-element elementor-element-8fc4f4e elementor-widget elementor-widget-heading\" data-id=\"8fc4f4e\" data-element_type=\"widget\" data-e-type=\"widget\" data-widget_type=\"heading.default\">\n\t\t\t\t\t<div class=\"elementor-heading-title elementor-size-default\">19 d\u00e9cembre 2024 \/\/ Mary Beth Skylis<\/div>\t\t\t\t<\/div>\n\t\t\t\t<div class=\"elementor-element elementor-element-87c9b57 elementor-widget elementor-widget-heading\" data-id=\"87c9b57\" data-element_type=\"widget\" data-e-type=\"widget\" data-widget_type=\"heading.default\">\n\t\t\t\t\t<p class=\"elementor-heading-title elementor-size-default\">I could scream, and no one would ever hear me. The thought crossed my mind one chilly late September morning deep in the Quebecois tundra. It took three days just to get to the middle of nowhere: One flight took me from Denver to Montreal. Another took me to Kuujjuaq, an Inuit town on the northernmost part of Qu\u00e9bec and only accessible via aircraft and boat.<\/p>\t\t\t\t<\/div>\n\t\t\t\t<div class=\"elementor-element elementor-element-500cc0b elementor-widget elementor-widget-button\" data-id=\"500cc0b\" data-element_type=\"widget\" data-e-type=\"widget\" data-widget_type=\"button.default\">\n\t\t\t\t\t\t\t\t\t\t<a class=\"elementor-button elementor-button-link elementor-size-sm\" href=\"https:\/\/www.backpacker.com\/trips\/adventure-travel\/in-northern-quebec-tundra-wilderness-is-still-wild\/\" rel=\"nofollow noopener\" target=\"_blank\">\n\t\t\t\t\t\t<span class=\"elementor-button-content-wrapper\">\n\t\t\t\t\t\t\t\t\t<span class=\"elementor-button-text\">Read more<\/span>\n\t\t\t\t\t<\/span>\n\t\t\t\t\t<\/a>\n\t\t\t\t\t\t\t\t<\/div>\n\t\t\t\t<\/div>\n\t\t<div class=\"elementor-element elementor-element-2b636b8 e-con-full e-flex e-con e-child\" data-id=\"2b636b8\" data-element_type=\"container\" data-e-type=\"container\">\n\t\t\t\t<div class=\"elementor-element elementor-element-edea348 elementor-widget__width-initial elementor-widget elementor-widget-heading\" data-id=\"edea348\" data-element_type=\"widget\" data-e-type=\"widget\" data-widget_type=\"heading.default\">\n\t\t\t\t\t<h6 class=\"elementor-heading-title elementor-size-default\">Une pourvoirie \u00e9lectrique dans le Grand Nord<\/h6>\t\t\t\t<\/div>\n\t\t\t\t<div class=\"elementor-element elementor-element-05d9c3a elementor-widget elementor-widget-heading\" data-id=\"05d9c3a\" data-element_type=\"widget\" data-e-type=\"widget\" data-widget_type=\"heading.default\">\n\t\t\t\t\t<div class=\"elementor-heading-title elementor-size-default\">26 novembre 2024 \/\/ William Th\u00e9riault<\/div>\t\t\t\t<\/div>\n\t\t\t\t<div class=\"elementor-element elementor-element-ab130ce elementor-widget elementor-widget-heading\" data-id=\"ab130ce\" data-element_type=\"widget\" data-e-type=\"widget\" data-widget_type=\"heading.default\">\n\t\t\t\t\t<p class=\"elementor-heading-title elementor-size-default\">La pourvoirie Rivi\u00e8re aux Feuilles, dans le Nunavik, consommait 90 barils de diesel par saison de p\u00eache pour ses besoins en \u00e9nergie. L\u2019an dernier, elle a fait le choix de passer \u00e0 l\u2019\u00e9nergie verte, et s\u2019autosuffit d\u00e9sormais presque enti\u00e8rement gr\u00e2ce \u00e0 des batteries et \u00e0 des panneaux solaires.<\/p>\t\t\t\t<\/div>\n\t\t\t\t<div class=\"elementor-element elementor-element-5483e20 elementor-widget elementor-widget-button\" data-id=\"5483e20\" data-element_type=\"widget\" data-e-type=\"widget\" data-widget_type=\"button.default\">\n\t\t\t\t\t\t\t\t\t\t<a class=\"elementor-button elementor-button-link elementor-size-sm\" href=\"https:\/\/www.lapresse.ca\/affaires\/portfolio\/2024-11-26\/environnement\/une-pourvoirie-electrique-dans-le-grand-nord.php\" rel=\"nofollow noopener\" target=\"_blank\">\n\t\t\t\t\t\t<span class=\"elementor-button-content-wrapper\">\n\t\t\t\t\t\t\t\t\t<span class=\"elementor-button-text\">Read more<\/span>\n\t\t\t\t\t<\/span>\n\t\t\t\t\t<\/a>\n\t\t\t\t\t\t\t\t<\/div>\n\t\t\t\t<\/div>\n\t\t<div class=\"elementor-element elementor-element-65750ac e-con-full e-flex e-con e-child\" data-id=\"65750ac\" data-element_type=\"container\" data-e-type=\"container\">\n\t\t\t\t<div class=\"elementor-element elementor-element-90c427a elementor-widget__width-initial elementor-widget elementor-widget-heading\" data-id=\"90c427a\" data-element_type=\"widget\" data-e-type=\"widget\" data-widget_type=\"heading.default\">\n\t\t\t\t\t<h6 class=\"elementor-heading-title elementor-size-default\">Une aventure hors du commun<\/h6>\t\t\t\t<\/div>\n\t\t\t\t<div class=\"elementor-element elementor-element-026229e elementor-widget elementor-widget-heading\" data-id=\"026229e\" data-element_type=\"widget\" data-e-type=\"widget\" data-widget_type=\"heading.default\">\n\t\t\t\t\t<div class=\"elementor-heading-title elementor-size-default\">10 octobre 2024 \/\/ Bonjour Qu\u00e9bec<\/div>\t\t\t\t<\/div>\n\t\t\t\t<div class=\"elementor-element elementor-element-70b00bc elementor-widget elementor-widget-heading\" data-id=\"70b00bc\" data-element_type=\"widget\" data-e-type=\"widget\" data-widget_type=\"heading.default\">\n\t\t\t\t\t<p class=\"elementor-heading-title elementor-size-default\">Au c\u0153ur de la toundra, entour\u00e9 de la nature \u00e0 l\u2019\u00e9tat pur, une incursion dans le Grand Nord qu\u00e9b\u00e9cois est l\u2019exp\u00e9rience d\u2019une vie. En septembre, c\u2019est ce que six journalistes et voyagistes ont eu la chance de vivre. Une incursion dans ce monde pour d\u00e9couvrir la culture, la nature et vivre au rythme des jours et de la population locale.<\/p>\t\t\t\t<\/div>\n\t\t\t\t<div class=\"elementor-element elementor-element-e6f43f2 elementor-widget elementor-widget-button\" data-id=\"e6f43f2\" data-element_type=\"widget\" data-e-type=\"widget\" data-widget_type=\"button.default\">\n\t\t\t\t\t\t\t\t\t\t<a class=\"elementor-button elementor-button-link elementor-size-sm\" href=\"https:\/\/alliancetouristique.com\/infolettre\/une-aventure-hors-du-commun\/\" rel=\"nofollow noopener\" target=\"_blank\">\n\t\t\t\t\t\t<span class=\"elementor-button-content-wrapper\">\n\t\t\t\t\t\t\t\t\t<span class=\"elementor-button-text\">Read more<\/span>\n\t\t\t\t\t<\/span>\n\t\t\t\t\t<\/a>\n\t\t\t\t\t\t\t\t<\/div>\n\t\t\t\t<\/div>\n\t\t<div class=\"elementor-element elementor-element-ff3e425 e-con-full e-flex e-con e-child\" data-id=\"ff3e425\" data-element_type=\"container\" data-e-type=\"container\">\n\t\t\t\t<div class=\"elementor-element elementor-element-de29922 elementor-widget__width-initial elementor-widget elementor-widget-heading\" data-id=\"de29922\" data-element_type=\"widget\" data-e-type=\"widget\" data-widget_type=\"heading.default\">\n\t\t\t\t\t<h6 class=\"elementor-heading-title elementor-size-default\">In the Canadian Tundra, Wildlife Photography Tours Are Reshaping a Former Hunting Lodge<\/h6>\t\t\t\t<\/div>\n\t\t\t\t<div class=\"elementor-element elementor-element-3519602 elementor-widget elementor-widget-heading\" data-id=\"3519602\" data-element_type=\"widget\" data-e-type=\"widget\" data-widget_type=\"heading.default\">\n\t\t\t\t\t<div class=\"elementor-heading-title elementor-size-default\">15 octobre 2024 \/\/ Jenna Blumenfeld<\/div>\t\t\t\t<\/div>\n\t\t\t\t<div class=\"elementor-element elementor-element-fccc762 elementor-widget elementor-widget-heading\" data-id=\"fccc762\" data-element_type=\"widget\" data-e-type=\"widget\" data-widget_type=\"heading.default\">\n\t\t\t\t\t<p class=\"elementor-heading-title elementor-size-default\">Louis spots the black bear first. While we\u2019d seen other bears during my week in Northern Qu\u00e9bec, they\u2019d all been on distant hills, appearing as blurry, bumbling black dots through my camera\u2019s mega-zoom lens. This time, however, the bear was near enough for us to photograph up close and personal. Just not too close.<\/p>\t\t\t\t<\/div>\n\t\t\t\t<div class=\"elementor-element elementor-element-21e099d elementor-widget elementor-widget-button\" data-id=\"21e099d\" data-element_type=\"widget\" data-e-type=\"widget\" data-widget_type=\"button.default\">\n\t\t\t\t\t\t\t\t\t\t<a class=\"elementor-button elementor-button-link elementor-size-sm\" href=\"https:\/\/matadornetwork.com\/read\/leaf-river-lodge\/\" rel=\"nofollow noopener\" target=\"_blank\">\n\t\t\t\t\t\t<span class=\"elementor-button-content-wrapper\">\n\t\t\t\t\t\t\t\t\t<span class=\"elementor-button-text\">Read more<\/span>\n\t\t\t\t\t<\/span>\n\t\t\t\t\t<\/a>\n\t\t\t\t\t\t\t\t<\/div>\n\t\t\t\t<\/div>\n\t\t\t\t<\/div>\n\t\t<div class=\"elementor-element elementor-element-125be47 e-flex e-con-boxed e-con e-parent\" data-id=\"125be47\" data-element_type=\"container\" data-e-type=\"container\">\n\t\t\t\t\t<div class=\"e-con-inner\">\n\t\t\t\t\t<\/div>\n\t\t\t\t<\/div>\n\t\t\t\t<\/div>","protected":false},"excerpt":{"rendered":"<p>Presse D\u00e9couvrez-en un peu plus sur la pourvoirie Wilderness Is Shrinking\u2014But in Northern Queb\u00e9c\u2019s Tundra, It\u2019s Still Wild 19 d\u00e9cembre 2024 \/\/ Mary Beth Skylis I could scream, and no one would ever hear me. The thought crossed my mind one chilly late September morning deep in the Quebecois tundra. It took three days just [&hellip;]<\/p>\n","protected":false},"author":256229028,"featured_media":0,"parent":0,"menu_order":0,"comment_status":"closed","ping_status":"closed","template":"","meta":{"_crdt_document":"","footnotes":""},"class_list":["post-1994","page","type-page","status-publish","hentry"],"jetpack_likes_enabled":true,"jetpack_sharing_enabled":true,"jetpack_shortlink":"https:\/\/wp.me\/PggdGf-wa","jetpack-related-posts":[],"_links":{"self":[{"href":"https:\/\/leafriverlodge.com\/en\/wp-json\/wp\/v2\/pages\/1994","targetHints":{"allow":["GET"]}}],"collection":[{"href":"https:\/\/leafriverlodge.com\/en\/wp-json\/wp\/v2\/pages"}],"about":[{"href":"https:\/\/leafriverlodge.com\/en\/wp-json\/wp\/v2\/types\/page"}],"author":[{"embeddable":true,"href":"https:\/\/leafriverlodge.com\/en\/wp-json\/wp\/v2\/users\/256229028"}],"replies":[{"embeddable":true,"href":"https:\/\/leafriverlodge.com\/en\/wp-json\/wp\/v2\/comments?post=1994"}],"version-history":[{"count":59,"href":"https:\/\/leafriverlodge.com\/en\/wp-json\/wp\/v2\/pages\/1994\/revisions"}],"predecessor-version":[{"id":2081,"href":"https:\/\/leafriverlodge.com\/en\/wp-json\/wp\/v2\/pages\/1994\/revisions\/2081"}],"wp:attachment":[{"href":"https:\/\/leafriverlodge.com\/en\/wp-json\/wp\/v2\/media?parent=1994"}],"curies":[{"name":"wp","href":"https:\/\/api.w.org\/{rel}","templated":true}]}}